{"id":20139,"date":"2025-04-30T12:08:37","date_gmt":"2025-04-30T10:08:37","guid":{"rendered":"https:\/\/www.evafricke.com\/?post_type=product&#038;p=20139"},"modified":"2026-04-13T12:29:26","modified_gmt":"2026-04-13T10:29:26","slug":"2024-pinot-noir-rose","status":"publish","type":"product","link":"https:\/\/www.evafricke.com\/en\/produkt\/2024-pinot-noir-rose\/","title":{"rendered":"2024 PINOT NOIR ROS\u00c9 QBA TROCKEN BIO"},"content":{"rendered":"<p>Dieser Ros\u00e9 besticht durch seinen fruchtigen Charme aus lebhaften Erdbeeren, roten Johannisbeeren und Kirscharomen.<\/p>\n<p>Der subtile Salzgehalt verleiht ihm eine erfrischende Note und unterstreicht seine Eleganz.<\/p>\n<p>Die seidige Textur bietet einen weichen und luxuri\u00f6sen Geschmack und l\u00e4dt Sie ein, seine harmonische Komplexit\u00e4t zu genie\u00dfen.<\/p>\n<p><a href=\"https:\/\/elabel.apys.de\/e-Label\/e-Label.php?p1=03EACAA1-E0DB-41D3-86A2-218540FF66E4&amp;p2=11\">Informationen zu N\u00e4hrwerten und Zutaten<\/a><\/p>\n<p>DE-\u00f6KO-022<\/p>\n<p><em>Enth\u00e4lt Sulfite<\/em><\/p>\n<p>&nbsp;<\/p>\n","protected":false},"excerpt":{"rendered":"<p>&nbsp;<\/p>\n<p>&nbsp;<\/p>\n","protected":false},"featured_media":20192,"template":"","meta":{"jetpack_post_was_ever_published":false,"jetpack_publicize_message":"","jetpack_publicize_feature_enabled":true,"jetpack_social_post_already_shared":true,"jetpack_social_options":{"image_generator_settings":{"template":"highway","enabled":false},"version":2}},"product_cat":[30],"product_tag":[55,122,57],"class_list":{"0":"post-20139","1":"product","2":"type-product","3":"status-publish","4":"has-post-thumbnail","6":"product_cat-lagenweine","7":"product_tag-fruchtbetont","8":"product_tag-kapellenberg","9":"product_tag-schiefer","11":"first","12":"instock","13":"shipping-taxable","14":"purchasable","15":"product-type-simple"},"translation":{"provider":"WPGlobus","version":"2.12.2","language":"en","enabled_languages":["de","en"],"languages":{"de":{"title":true,"content":true,"excerpt":true},"en":{"title":false,"content":false,"excerpt":false}}},"jetpack_publicize_connections":[],"yoast_head":"<!-- This site is optimized with the Yoast SEO plugin v23.0 - https:\/\/yoast.com\/wordpress\/plugins\/seo\/ -->\n<title>2024 PINOT NOIR ROS\u00c9 QBA TROCKEN BIO - Weingut Eva Fricke<\/title>\n<meta name=\"robots\" content=\"index, follow, max-snippet:-1, max-image-preview:large, max-video-preview:-1\" \/>\n<link rel=\"canonical\" href=\"https:\/\/www.evafricke.com\/produkt\/2024-pinot-noir-rose\/\" \/>\n<meta property=\"og:locale\" content=\"en_US\" \/>\n<meta property=\"og:type\" content=\"article\" \/>\n<meta property=\"og:title\" content=\"2024 PINOT NOIR ROS\u00c9 QBA TROCKEN BIO - Weingut Eva Fricke\" \/>\n<meta property=\"og:url\" content=\"https:\/\/www.evafricke.com\/produkt\/2024-pinot-noir-rose\/\" \/>\n<meta property=\"og:site_name\" content=\"Weingut Eva Fricke\" \/>\n<meta property=\"article:modified_time\" content=\"2026-04-13T10:29:26+00:00\" \/>\n<meta property=\"og:image\" content=\"https:\/\/www.evafricke.com\/wp-content\/uploads\/2025\/05\/EvaFricke_PinotRose_2024-scaled.jpg\" \/>\n\t<meta property=\"og:image:width\" content=\"2560\" \/>\n\t<meta property=\"og:image:height\" content=\"2560\" \/>\n\t<meta property=\"og:image:type\" content=\"image\/jpeg\" \/>\n<meta name=\"twitter:card\" content=\"summary_large_image\" \/>\n<meta name=\"twitter:label1\" content=\"Est. reading time\" \/>\n\t<meta name=\"twitter:data1\" content=\"1 minute\" \/>\n<script type=\"application\/ld+json\" class=\"yoast-schema-graph\">{\"@context\":\"https:\/\/schema.org\",\"@graph\":[{\"@type\":\"WebPage\",\"@id\":\"https:\/\/www.evafricke.com\/produkt\/2024-pinot-noir-rose\/\",\"url\":\"https:\/\/www.evafricke.com\/produkt\/2024-pinot-noir-rose\/\",\"name\":\"2024 PINOT NOIR ROS\u00c9 QBA TROCKEN BIO - Weingut Eva Fricke\",\"isPartOf\":{\"@id\":\"https:\/\/www.evafricke.com\/#website\"},\"primaryImageOfPage\":{\"@id\":\"https:\/\/www.evafricke.com\/produkt\/2024-pinot-noir-rose\/#primaryimage\"},\"image\":{\"@id\":\"https:\/\/www.evafricke.com\/produkt\/2024-pinot-noir-rose\/#primaryimage\"},\"thumbnailUrl\":\"https:\/\/www.evafricke.com\/wp-content\/uploads\/2025\/05\/EvaFricke_PinotRose_2024-scaled.jpg\",\"datePublished\":\"2025-04-30T10:08:37+00:00\",\"dateModified\":\"2026-04-13T10:29:26+00:00\",\"breadcrumb\":{\"@id\":\"https:\/\/www.evafricke.com\/produkt\/2024-pinot-noir-rose\/#breadcrumb\"},\"inLanguage\":\"en-US\",\"potentialAction\":[{\"@type\":\"ReadAction\",\"target\":[\"https:\/\/www.evafricke.com\/produkt\/2024-pinot-noir-rose\/\"]}]},{\"@type\":\"ImageObject\",\"inLanguage\":\"en-US\",\"@id\":\"https:\/\/www.evafricke.com\/produkt\/2024-pinot-noir-rose\/#primaryimage\",\"url\":\"https:\/\/www.evafricke.com\/wp-content\/uploads\/2025\/05\/EvaFricke_PinotRose_2024-scaled.jpg\",\"contentUrl\":\"https:\/\/www.evafricke.com\/wp-content\/uploads\/2025\/05\/EvaFricke_PinotRose_2024-scaled.jpg\",\"width\":2560,\"height\":2560},{\"@type\":\"BreadcrumbList\",\"@id\":\"https:\/\/www.evafricke.com\/produkt\/2024-pinot-noir-rose\/#breadcrumb\",\"itemListElement\":[{\"@type\":\"ListItem\",\"position\":1,\"name\":\"Startseite\",\"item\":\"https:\/\/www.evafricke.com\/\"},{\"@type\":\"ListItem\",\"position\":2,\"name\":\"Shop\",\"item\":\"https:\/\/www.evafricke.com\/shop\/\"},{\"@type\":\"ListItem\",\"position\":3,\"name\":\"2024 PINOT NOIR ROS\u00c9 QBA TROCKEN BIO\"}]},{\"@type\":\"WebSite\",\"@id\":\"https:\/\/www.evafricke.com\/#website\",\"url\":\"https:\/\/www.evafricke.com\/\",\"name\":\"Weingut Eva Fricke\",\"description\":\"Eltville\/Rheingau\",\"publisher\":{\"@id\":\"https:\/\/www.evafricke.com\/#organization\"},\"potentialAction\":[{\"@type\":\"SearchAction\",\"target\":{\"@type\":\"EntryPoint\",\"urlTemplate\":\"https:\/\/www.evafricke.com\/?s={search_term_string}\"},\"query-input\":\"required name=search_term_string\"}],\"inLanguage\":\"en-US\"},{\"@type\":\"Organization\",\"@id\":\"https:\/\/www.evafricke.com\/#organization\",\"name\":\"Weingut Eva Fricke\",\"url\":\"https:\/\/www.evafricke.com\/\",\"logo\":{\"@type\":\"ImageObject\",\"inLanguage\":\"en-US\",\"@id\":\"https:\/\/www.evafricke.com\/#\/schema\/logo\/image\/\",\"url\":\"https:\/\/www.evafricke.com\/wp-content\/uploads\/2018\/01\/cropped-logo_eva_fricke_schwarz3-1.jpg\",\"contentUrl\":\"https:\/\/www.evafricke.com\/wp-content\/uploads\/2018\/01\/cropped-logo_eva_fricke_schwarz3-1.jpg\",\"width\":512,\"height\":512,\"caption\":\"Weingut Eva Fricke\"},\"image\":{\"@id\":\"https:\/\/www.evafricke.com\/#\/schema\/logo\/image\/\"},\"sameAs\":[\"https:\/\/www.instagram.com\/evafricke\/\"]}]}<\/script>\n<!-- \/ Yoast SEO plugin. -->","yoast_head_json":{"title":"2024 PINOT NOIR ROS\u00c9 QBA TROCKEN BIO - Weingut Eva Fricke","robots":{"index":"index","follow":"follow","max-snippet":"max-snippet:-1","max-image-preview":"max-image-preview:large","max-video-preview":"max-video-preview:-1"},"canonical":"https:\/\/www.evafricke.com\/produkt\/2024-pinot-noir-rose\/","og_locale":"en_US","og_type":"article","og_title":"2024 PINOT NOIR ROS\u00c9 QBA TROCKEN BIO - Weingut Eva Fricke","og_url":"https:\/\/www.evafricke.com\/produkt\/2024-pinot-noir-rose\/","og_site_name":"Weingut Eva Fricke","article_modified_time":"2026-04-13T10:29:26+00:00","og_image":[{"width":2560,"height":2560,"url":"https:\/\/www.evafricke.com\/wp-content\/uploads\/2025\/05\/EvaFricke_PinotRose_2024-scaled.jpg","type":"image\/jpeg"}],"twitter_card":"summary_large_image","twitter_misc":{"Est. reading time":"1 minute"},"schema":{"@context":"https:\/\/schema.org","@graph":[{"@type":"WebPage","@id":"https:\/\/www.evafricke.com\/produkt\/2024-pinot-noir-rose\/","url":"https:\/\/www.evafricke.com\/produkt\/2024-pinot-noir-rose\/","name":"2024 PINOT NOIR ROS\u00c9 QBA TROCKEN BIO - Weingut Eva Fricke","isPartOf":{"@id":"https:\/\/www.evafricke.com\/#website"},"primaryImageOfPage":{"@id":"https:\/\/www.evafricke.com\/produkt\/2024-pinot-noir-rose\/#primaryimage"},"image":{"@id":"https:\/\/www.evafricke.com\/produkt\/2024-pinot-noir-rose\/#primaryimage"},"thumbnailUrl":"https:\/\/www.evafricke.com\/wp-content\/uploads\/2025\/05\/EvaFricke_PinotRose_2024-scaled.jpg","datePublished":"2025-04-30T10:08:37+00:00","dateModified":"2026-04-13T10:29:26+00:00","breadcrumb":{"@id":"https:\/\/www.evafricke.com\/produkt\/2024-pinot-noir-rose\/#breadcrumb"},"inLanguage":"en-US","potentialAction":[{"@type":"ReadAction","target":["https:\/\/www.evafricke.com\/produkt\/2024-pinot-noir-rose\/"]}]},{"@type":"ImageObject","inLanguage":"en-US","@id":"https:\/\/www.evafricke.com\/produkt\/2024-pinot-noir-rose\/#primaryimage","url":"https:\/\/www.evafricke.com\/wp-content\/uploads\/2025\/05\/EvaFricke_PinotRose_2024-scaled.jpg","contentUrl":"https:\/\/www.evafricke.com\/wp-content\/uploads\/2025\/05\/EvaFricke_PinotRose_2024-scaled.jpg","width":2560,"height":2560},{"@type":"BreadcrumbList","@id":"https:\/\/www.evafricke.com\/produkt\/2024-pinot-noir-rose\/#breadcrumb","itemListElement":[{"@type":"ListItem","position":1,"name":"Startseite","item":"https:\/\/www.evafricke.com\/"},{"@type":"ListItem","position":2,"name":"Shop","item":"https:\/\/www.evafricke.com\/shop\/"},{"@type":"ListItem","position":3,"name":"2024 PINOT NOIR ROS\u00c9 QBA TROCKEN BIO"}]},{"@type":"WebSite","@id":"https:\/\/www.evafricke.com\/#website","url":"https:\/\/www.evafricke.com\/","name":"Weingut Eva Fricke","description":"Eltville\/Rheingau","publisher":{"@id":"https:\/\/www.evafricke.com\/#organization"},"potentialAction":[{"@type":"SearchAction","target":{"@type":"EntryPoint","urlTemplate":"https:\/\/www.evafricke.com\/?s={search_term_string}"},"query-input":"required name=search_term_string"}],"inLanguage":"en-US"},{"@type":"Organization","@id":"https:\/\/www.evafricke.com\/#organization","name":"Weingut Eva Fricke","url":"https:\/\/www.evafricke.com\/","logo":{"@type":"ImageObject","inLanguage":"en-US","@id":"https:\/\/www.evafricke.com\/#\/schema\/logo\/image\/","url":"https:\/\/www.evafricke.com\/wp-content\/uploads\/2018\/01\/cropped-logo_eva_fricke_schwarz3-1.jpg","contentUrl":"https:\/\/www.evafricke.com\/wp-content\/uploads\/2018\/01\/cropped-logo_eva_fricke_schwarz3-1.jpg","width":512,"height":512,"caption":"Weingut Eva Fricke"},"image":{"@id":"https:\/\/www.evafricke.com\/#\/schema\/logo\/image\/"},"sameAs":["https:\/\/www.instagram.com\/evafricke\/"]}]}},"jetpack_sharing_enabled":true,"_links":{"self":[{"href":"https:\/\/www.evafricke.com\/en\/wp-json\/wp\/v2\/product\/20139"}],"collection":[{"href":"https:\/\/www.evafricke.com\/en\/wp-json\/wp\/v2\/product"}],"about":[{"href":"https:\/\/www.evafricke.com\/en\/wp-json\/wp\/v2\/types\/product"}],"wp:featuredmedia":[{"embeddable":true,"href":"https:\/\/www.evafricke.com\/en\/wp-json\/wp\/v2\/media\/20192"}],"wp:attachment":[{"href":"https:\/\/www.evafricke.com\/en\/wp-json\/wp\/v2\/media?parent=20139"}],"wp:term":[{"taxonomy":"product_cat","embeddable":true,"href":"https:\/\/www.evafricke.com\/en\/wp-json\/wp\/v2\/product_cat?post=20139"},{"taxonomy":"product_tag","embeddable":true,"href":"https:\/\/www.evafricke.com\/en\/wp-json\/wp\/v2\/product_tag?post=20139"}],"curies":[{"name":"wp","href":"https:\/\/api.w.org\/{rel}","templated":true}]}}