{"id":19755,"date":"2024-08-05T10:15:29","date_gmt":"2024-08-05T08:15:29","guid":{"rendered":"https:\/\/www.evafricke.com\/?post_type=product&#038;p=19755"},"modified":"2026-04-05T03:27:39","modified_gmt":"2026-04-05T01:27:39","slug":"2022-lamour-de-la-nature-riesling","status":"publish","type":"product","link":"https:\/\/www.evafricke.com\/en\/produkt\/2022-lamour-de-la-nature-riesling\/","title":{"rendered":"2022 L&#8217;AMOUR DE LA NATURE Riesling QbA trocken BIO"},"content":{"rendered":"<p>2022 war ein besonderer Jahrgang im Rheingau, sehr trocken mit kaum Niederschlag w\u00e4hrend der Saison. Daher waren die Pilz- und Krankheitsbelastung sehr gering. Dies erm\u00f6glichte es\u00a0 uns einen sehr nat\u00fcrlichen Pflanzenschutz zu verfolgen. Auf Kupfer wurde nahezu komplett verzichtet und es wurden stattdessen eigens produzierte Tees und Pr\u00e4parate im Pflanzenschutz verwendet. Um die Philosophie der nat\u00fcrlichen und interventionsarmen Weinherstellung weiter zu verfolgen, wurden zum ersten Mal neue Wege der Low-Intervention-Weinbereitung auch im Keller mit einer sehr nat\u00fcrlichen Herangehensweise gew\u00e4hlt:<\/p>\n<p>Einige Teile wurden direkt gepresst, andere erhielten eine 18-st\u00fcndige Maischestandzeit oder wurden entrappt. F\u00fcr diesen Wein wurden ausschlie\u00dflich Edelstahltanks verwendet, um ihn so rein wie m\u00f6glich zu halten \u2013 ohne jeglichen Einfluss von Holzf\u00e4ssern oder Mikrooxidation. W\u00e4hrend der Weinbereitung hat der Wein fast zwei Jahre lang keinen Schwefel gesehen. Es ist der erste Wein, den Eva Fricke so lange auf der Feinhefe gelagert hat. So wurden die Weine im Rheingau w\u00e4hrend des 18. und 19. Jahrhundert hergestellt \u2013 \u201e<em>und das war die richtige Entscheidung. Wir waren \u00fcberzeugt, dass der Wein mehr Zeit auf der Hefe braucht, um sich auszudr\u00fccken<\/em>\u201c. Deshalb wurde diese alte Art der Herstellung eines Rheingauer Rieslings ausprobiert: Die Methode der geringen Intervention.<\/p>\n<p>Einen Monat vor der Abf\u00fcllung wurde dem Wein eine einzige Dosis Schwefel hinzugef\u00fcgt.<\/p>\n<p>Keine Sch\u00f6nung. Langer Ausbau auf der Hefe, Sedimentation und eine leichte Filtration.<\/p>\n<p>&nbsp;<\/p>\n<p>Dieser besondere Riesling besitzt ein unglaubliches Reifepotential.<\/p>\n<p>Wir empfehlen den Wein vor dem Genuss mindestens 30min vorab zu dekantieren.<\/p>\n<p>&nbsp;<\/p>\n<p><a class=\"single-image-gallery\" href=\"https:\/\/deliciousgreen.de\/?attachment_id=1423\" rel=\"attachment wp-att-1423\" data-carousel-extra=\"{&quot;blog_id&quot;:1}\"><img loading=\"lazy\" decoding=\"async\" class=\"aligncenter size-full wp-image-1423\" tabindex=\"0\" role=\"button\" src=\"https:\/\/deliciousgreen.de\/wp-content\/uploads\/2024\/08\/1722500185349-d96c748f-082f-451c-9b2f-7c4050998105_1.png\" sizes=\"(max-width: 549px) 100vw, 549px\" srcset=\"https:\/\/deliciousgreen.de\/wp-content\/uploads\/2024\/08\/1722500185349-d96c748f-082f-451c-9b2f-7c4050998105_1.png 549w, https:\/\/deliciousgreen.de\/wp-content\/uploads\/2024\/08\/1722500185349-d96c748f-082f-451c-9b2f-7c4050998105_1-168x300.png 168w\" alt=\"\" width=\"549\" height=\"983\" data-attachment-id=\"1423\" data-permalink=\"https:\/\/deliciousgreen.de\/?attachment_id=1423\" data-orig-file=\"https:\/\/deliciousgreen.de\/wp-content\/uploads\/2024\/08\/1722500185349-d96c748f-082f-451c-9b2f-7c4050998105_1.png\" data-orig-size=\"549,983\" data-comments-opened=\"1\" data-image-meta=\"{&quot;aperture&quot;:&quot;0&quot;,&quot;credit&quot;:&quot;&quot;,&quot;camera&quot;:&quot;&quot;,&quot;caption&quot;:&quot;&quot;,&quot;created_timestamp&quot;:&quot;0&quot;,&quot;copyright&quot;:&quot;&quot;,&quot;focal_length&quot;:&quot;0&quot;,&quot;iso&quot;:&quot;0&quot;,&quot;shutter_speed&quot;:&quot;0&quot;,&quot;title&quot;:&quot;&quot;,&quot;orientation&quot;:&quot;0&quot;}\" data-image-title=\"1722500185349-d96c748f-082f-451c-9b2f-7c4050998105_1\" data-image-description=\"\" data-image-caption=\"\" data-medium-file=\"https:\/\/deliciousgreen.de\/wp-content\/uploads\/2024\/08\/1722500185349-d96c748f-082f-451c-9b2f-7c4050998105_1-168x300.png\" data-large-file=\"https:\/\/deliciousgreen.de\/wp-content\/uploads\/2024\/08\/1722500185349-d96c748f-082f-451c-9b2f-7c4050998105_1.png\" \/><\/a><\/p>\n<p>&nbsp;<\/p>\n<p>&nbsp;<\/p>\n<p>DE-\u00d6KO-022<\/p>\n<p><em>Enth\u00e4lt Sulfite.<\/em><\/p>\n<p>&nbsp;<\/p>\n","protected":false},"excerpt":{"rendered":"<p>&nbsp;<\/p>\n<p>&nbsp;<\/p>\n<p>DE-\u00d6KO-022<\/p>\n<p><em>Enth\u00e4lt Sulfite.<\/em><\/p>\n","protected":false},"featured_media":19756,"template":"","meta":{"jetpack_post_was_ever_published":false,"jetpack_publicize_message":"","jetpack_publicize_feature_enabled":true,"jetpack_social_post_already_shared":true,"jetpack_social_options":{"image_generator_settings":{"template":"highway","enabled":false},"version":2}},"product_cat":[30],"product_tag":[],"class_list":{"0":"post-19755","1":"product","2":"type-product","3":"status-publish","4":"has-post-thumbnail","6":"product_cat-lagenweine","8":"first","9":"instock","10":"shipping-taxable","11":"purchasable","12":"product-type-simple"},"translation":{"provider":"WPGlobus","version":"2.12.2","language":"en","enabled_languages":["de","en"],"languages":{"de":{"title":true,"content":true,"excerpt":true},"en":{"title":false,"content":false,"excerpt":false}}},"jetpack_publicize_connections":[],"yoast_head":"<!-- This site is optimized with the Yoast SEO plugin v23.0 - https:\/\/yoast.com\/wordpress\/plugins\/seo\/ -->\n<title>2022 L&#039;AMOUR DE LA NATURE Riesling QbA trocken BIO - Weingut Eva Fricke<\/title>\n<meta name=\"robots\" content=\"index, follow, max-snippet:-1, max-image-preview:large, max-video-preview:-1\" \/>\n<link rel=\"canonical\" href=\"https:\/\/www.evafricke.com\/produkt\/2022-lamour-de-la-nature-riesling\/\" \/>\n<meta property=\"og:locale\" content=\"en_US\" \/>\n<meta property=\"og:type\" content=\"article\" \/>\n<meta property=\"og:title\" content=\"2022 L&#039;AMOUR DE LA NATURE Riesling QbA trocken BIO - Weingut Eva Fricke\" \/>\n<meta property=\"og:url\" content=\"https:\/\/www.evafricke.com\/produkt\/2022-lamour-de-la-nature-riesling\/\" \/>\n<meta property=\"og:site_name\" content=\"Weingut Eva Fricke\" \/>\n<meta property=\"article:modified_time\" content=\"2026-04-05T01:27:39+00:00\" \/>\n<meta property=\"og:image\" content=\"https:\/\/www.evafricke.com\/wp-content\/uploads\/2024\/08\/L-amour-de-la-nature23.jpg\" \/>\n\t<meta property=\"og:image:width\" content=\"886\" \/>\n\t<meta property=\"og:image:height\" content=\"886\" \/>\n\t<meta property=\"og:image:type\" content=\"image\/jpeg\" \/>\n<meta name=\"twitter:card\" content=\"summary_large_image\" \/>\n<meta name=\"twitter:label1\" content=\"Est. reading time\" \/>\n\t<meta name=\"twitter:data1\" content=\"2 minutes\" \/>\n<script type=\"application\/ld+json\" class=\"yoast-schema-graph\">{\"@context\":\"https:\/\/schema.org\",\"@graph\":[{\"@type\":\"WebPage\",\"@id\":\"https:\/\/www.evafricke.com\/produkt\/2022-lamour-de-la-nature-riesling\/\",\"url\":\"https:\/\/www.evafricke.com\/produkt\/2022-lamour-de-la-nature-riesling\/\",\"name\":\"2022 L'AMOUR DE LA NATURE Riesling QbA trocken BIO - Weingut Eva Fricke\",\"isPartOf\":{\"@id\":\"https:\/\/www.evafricke.com\/#website\"},\"primaryImageOfPage\":{\"@id\":\"https:\/\/www.evafricke.com\/produkt\/2022-lamour-de-la-nature-riesling\/#primaryimage\"},\"image\":{\"@id\":\"https:\/\/www.evafricke.com\/produkt\/2022-lamour-de-la-nature-riesling\/#primaryimage\"},\"thumbnailUrl\":\"https:\/\/www.evafricke.com\/wp-content\/uploads\/2024\/08\/L-amour-de-la-nature23.jpg\",\"datePublished\":\"2024-08-05T08:15:29+00:00\",\"dateModified\":\"2026-04-05T01:27:39+00:00\",\"breadcrumb\":{\"@id\":\"https:\/\/www.evafricke.com\/produkt\/2022-lamour-de-la-nature-riesling\/#breadcrumb\"},\"inLanguage\":\"en-US\",\"potentialAction\":[{\"@type\":\"ReadAction\",\"target\":[\"https:\/\/www.evafricke.com\/produkt\/2022-lamour-de-la-nature-riesling\/\"]}]},{\"@type\":\"ImageObject\",\"inLanguage\":\"en-US\",\"@id\":\"https:\/\/www.evafricke.com\/produkt\/2022-lamour-de-la-nature-riesling\/#primaryimage\",\"url\":\"https:\/\/www.evafricke.com\/wp-content\/uploads\/2024\/08\/L-amour-de-la-nature23.jpg\",\"contentUrl\":\"https:\/\/www.evafricke.com\/wp-content\/uploads\/2024\/08\/L-amour-de-la-nature23.jpg\",\"width\":886,\"height\":886},{\"@type\":\"BreadcrumbList\",\"@id\":\"https:\/\/www.evafricke.com\/produkt\/2022-lamour-de-la-nature-riesling\/#breadcrumb\",\"itemListElement\":[{\"@type\":\"ListItem\",\"position\":1,\"name\":\"Startseite\",\"item\":\"https:\/\/www.evafricke.com\/\"},{\"@type\":\"ListItem\",\"position\":2,\"name\":\"Shop\",\"item\":\"https:\/\/www.evafricke.com\/shop\/\"},{\"@type\":\"ListItem\",\"position\":3,\"name\":\"2022 L&#8217;AMOUR DE LA NATURE Riesling QbA trocken BIO\"}]},{\"@type\":\"WebSite\",\"@id\":\"https:\/\/www.evafricke.com\/#website\",\"url\":\"https:\/\/www.evafricke.com\/\",\"name\":\"Weingut Eva Fricke\",\"description\":\"Eltville\/Rheingau\",\"publisher\":{\"@id\":\"https:\/\/www.evafricke.com\/#organization\"},\"potentialAction\":[{\"@type\":\"SearchAction\",\"target\":{\"@type\":\"EntryPoint\",\"urlTemplate\":\"https:\/\/www.evafricke.com\/?s={search_term_string}\"},\"query-input\":\"required name=search_term_string\"}],\"inLanguage\":\"en-US\"},{\"@type\":\"Organization\",\"@id\":\"https:\/\/www.evafricke.com\/#organization\",\"name\":\"Weingut Eva Fricke\",\"url\":\"https:\/\/www.evafricke.com\/\",\"logo\":{\"@type\":\"ImageObject\",\"inLanguage\":\"en-US\",\"@id\":\"https:\/\/www.evafricke.com\/#\/schema\/logo\/image\/\",\"url\":\"https:\/\/www.evafricke.com\/wp-content\/uploads\/2018\/01\/cropped-logo_eva_fricke_schwarz3-1.jpg\",\"contentUrl\":\"https:\/\/www.evafricke.com\/wp-content\/uploads\/2018\/01\/cropped-logo_eva_fricke_schwarz3-1.jpg\",\"width\":512,\"height\":512,\"caption\":\"Weingut Eva Fricke\"},\"image\":{\"@id\":\"https:\/\/www.evafricke.com\/#\/schema\/logo\/image\/\"},\"sameAs\":[\"https:\/\/www.instagram.com\/evafricke\/\"]}]}<\/script>\n<!-- \/ Yoast SEO plugin. -->","yoast_head_json":{"title":"2022 L'AMOUR DE LA NATURE Riesling QbA trocken BIO - Weingut Eva Fricke","robots":{"index":"index","follow":"follow","max-snippet":"max-snippet:-1","max-image-preview":"max-image-preview:large","max-video-preview":"max-video-preview:-1"},"canonical":"https:\/\/www.evafricke.com\/produkt\/2022-lamour-de-la-nature-riesling\/","og_locale":"en_US","og_type":"article","og_title":"2022 L'AMOUR DE LA NATURE Riesling QbA trocken BIO - Weingut Eva Fricke","og_url":"https:\/\/www.evafricke.com\/produkt\/2022-lamour-de-la-nature-riesling\/","og_site_name":"Weingut Eva Fricke","article_modified_time":"2026-04-05T01:27:39+00:00","og_image":[{"width":886,"height":886,"url":"https:\/\/www.evafricke.com\/wp-content\/uploads\/2024\/08\/L-amour-de-la-nature23.jpg","type":"image\/jpeg"}],"twitter_card":"summary_large_image","twitter_misc":{"Est. reading time":"2 minutes"},"schema":{"@context":"https:\/\/schema.org","@graph":[{"@type":"WebPage","@id":"https:\/\/www.evafricke.com\/produkt\/2022-lamour-de-la-nature-riesling\/","url":"https:\/\/www.evafricke.com\/produkt\/2022-lamour-de-la-nature-riesling\/","name":"2022 L'AMOUR DE LA NATURE Riesling QbA trocken BIO - Weingut Eva Fricke","isPartOf":{"@id":"https:\/\/www.evafricke.com\/#website"},"primaryImageOfPage":{"@id":"https:\/\/www.evafricke.com\/produkt\/2022-lamour-de-la-nature-riesling\/#primaryimage"},"image":{"@id":"https:\/\/www.evafricke.com\/produkt\/2022-lamour-de-la-nature-riesling\/#primaryimage"},"thumbnailUrl":"https:\/\/www.evafricke.com\/wp-content\/uploads\/2024\/08\/L-amour-de-la-nature23.jpg","datePublished":"2024-08-05T08:15:29+00:00","dateModified":"2026-04-05T01:27:39+00:00","breadcrumb":{"@id":"https:\/\/www.evafricke.com\/produkt\/2022-lamour-de-la-nature-riesling\/#breadcrumb"},"inLanguage":"en-US","potentialAction":[{"@type":"ReadAction","target":["https:\/\/www.evafricke.com\/produkt\/2022-lamour-de-la-nature-riesling\/"]}]},{"@type":"ImageObject","inLanguage":"en-US","@id":"https:\/\/www.evafricke.com\/produkt\/2022-lamour-de-la-nature-riesling\/#primaryimage","url":"https:\/\/www.evafricke.com\/wp-content\/uploads\/2024\/08\/L-amour-de-la-nature23.jpg","contentUrl":"https:\/\/www.evafricke.com\/wp-content\/uploads\/2024\/08\/L-amour-de-la-nature23.jpg","width":886,"height":886},{"@type":"BreadcrumbList","@id":"https:\/\/www.evafricke.com\/produkt\/2022-lamour-de-la-nature-riesling\/#breadcrumb","itemListElement":[{"@type":"ListItem","position":1,"name":"Startseite","item":"https:\/\/www.evafricke.com\/"},{"@type":"ListItem","position":2,"name":"Shop","item":"https:\/\/www.evafricke.com\/shop\/"},{"@type":"ListItem","position":3,"name":"2022 L&#8217;AMOUR DE LA NATURE Riesling QbA trocken BIO"}]},{"@type":"WebSite","@id":"https:\/\/www.evafricke.com\/#website","url":"https:\/\/www.evafricke.com\/","name":"Weingut Eva Fricke","description":"Eltville\/Rheingau","publisher":{"@id":"https:\/\/www.evafricke.com\/#organization"},"potentialAction":[{"@type":"SearchAction","target":{"@type":"EntryPoint","urlTemplate":"https:\/\/www.evafricke.com\/?s={search_term_string}"},"query-input":"required name=search_term_string"}],"inLanguage":"en-US"},{"@type":"Organization","@id":"https:\/\/www.evafricke.com\/#organization","name":"Weingut Eva Fricke","url":"https:\/\/www.evafricke.com\/","logo":{"@type":"ImageObject","inLanguage":"en-US","@id":"https:\/\/www.evafricke.com\/#\/schema\/logo\/image\/","url":"https:\/\/www.evafricke.com\/wp-content\/uploads\/2018\/01\/cropped-logo_eva_fricke_schwarz3-1.jpg","contentUrl":"https:\/\/www.evafricke.com\/wp-content\/uploads\/2018\/01\/cropped-logo_eva_fricke_schwarz3-1.jpg","width":512,"height":512,"caption":"Weingut Eva Fricke"},"image":{"@id":"https:\/\/www.evafricke.com\/#\/schema\/logo\/image\/"},"sameAs":["https:\/\/www.instagram.com\/evafricke\/"]}]}},"jetpack_sharing_enabled":true,"_links":{"self":[{"href":"https:\/\/www.evafricke.com\/en\/wp-json\/wp\/v2\/product\/19755"}],"collection":[{"href":"https:\/\/www.evafricke.com\/en\/wp-json\/wp\/v2\/product"}],"about":[{"href":"https:\/\/www.evafricke.com\/en\/wp-json\/wp\/v2\/types\/product"}],"wp:featuredmedia":[{"embeddable":true,"href":"https:\/\/www.evafricke.com\/en\/wp-json\/wp\/v2\/media\/19756"}],"wp:attachment":[{"href":"https:\/\/www.evafricke.com\/en\/wp-json\/wp\/v2\/media?parent=19755"}],"wp:term":[{"taxonomy":"product_cat","embeddable":true,"href":"https:\/\/www.evafricke.com\/en\/wp-json\/wp\/v2\/product_cat?post=19755"},{"taxonomy":"product_tag","embeddable":true,"href":"https:\/\/www.evafricke.com\/en\/wp-json\/wp\/v2\/product_tag?post=19755"}],"curies":[{"name":"wp","href":"https:\/\/api.w.org\/{rel}","templated":true}]}}