{"id":16649,"date":"2020-04-04T15:41:54","date_gmt":"2020-04-04T15:41:54","guid":{"rendered":"https:\/\/www.evafricke.com\/agb\/"},"modified":"2020-12-16T19:30:14","modified_gmt":"2020-12-16T17:30:14","slug":"agb","status":"publish","type":"page","link":"https:\/\/www.evafricke.com\/en\/agb\/","title":{"rendered":"Allgemeine Gesch\u00e4ftsbedingungen &#038; Widerrufsbelehrung"},"content":{"rendered":"\n<p><strong>Weingut Eva Fricke GmbH &amp; Co. KG<\/strong><\/p>\n\n\n\n<p><strong>1. Geltungsbereich<\/strong><br>F\u00fcr alle Bestellungen \u00fcber unseren Online-Shop gelten die nachfolgenden AGB. Mit dem Erscheinen dieses Angebotes verlieren alle vorausgegangenen ihre G\u00fcltigkeit. Das vorliegende Angebot ist freibleibend und unverbindlich.&nbsp;<br><br><strong>2. Vertragspartner und Vertragsabschluss<\/strong><br>Der Kaufvertrag kommt zustande mit Weingut Eva Fricke GmbH &amp; Co. KG&nbsp;<br><br><strong>3. Preise und Lieferbedingungen<\/strong><br>S\u00e4mtliche Preise verstehen sich pro Flasche in&nbsp;\u20ac&nbsp;incl. der g\u00fcltigen Mehrwertsteuer. Wenn nicht anders angegeben, betr\u00e4gt die Flaschengr\u00f6\u00dfe 0,75l.&nbsp;<strong>Wir bitten um Verst\u00e4ndnis, dass wir Erstbestellungen ausschlie\u00dflich gegen Vorkasse oder PayPal ausliefern. Lieferungen innerhalb der EU versenden wir ausschlie\u00dflich gegen Vorkasse.&nbsp;<\/strong><br><br><strong>4. Lieferungen ins Ausland<\/strong><br>Ausschlie\u00dflich auf Anfrage. Ins Ausland liefern wir grunds\u00e4tzlich gegen Vorkasse. Die Auslandsfracht berechnen wir zu Selbstkosten.&nbsp;<\/p>\n\n\n\n<p><strong>5. Empfang der Ware<\/strong>&nbsp;<br>Beim Empfang der Ware pr\u00fcfen Sie bitte die Ware und lassen sich Fehlmengen oder Sch\u00e4den sofort vom Auslieferer schriftlich best\u00e4tigen. Teilen Sie uns dann bitte den Schaden unverz\u00fcglich mit, sp\u00e4testens jedoch innerhalb von 3 Tagen, damit wir f\u00fcr Ersatz sorgen k\u00f6nnen<strong>.&nbsp;Eiwei\u00dfdepot oder Weinsteinausfall sind in unseren naturbelassenen Weinen durchaus m\u00f6glich und kein akzeptierter Grund zur Beanstandung.<br><\/strong><br><strong>6. Bezahlung<\/strong>&nbsp;<br>Unsere Rechnungen sind&nbsp;<em>sofort nach Erhalt der Ware<\/em>&nbsp;zur Zahlung f\u00e4llig.&nbsp;Unsere Lieferungen erfolgen generell unter erweitertem Eigentumsvorbehalt. Unter Kaufleuten ist Wiesbaden Gerichtsstand.&nbsp;<br><br><strong>7. Zahlungsverzug<\/strong>&nbsp;<br>Bei Zahlungsverzug nach erfolgter Mahnung behalten wir uns eine weitere Belieferung vor, bzw. liefern k\u00fcnftig nur noch gegen Vorkasse. Bei der 2. Mahnstufe werden Verzugszinsen in H\u00f6he von 5% des Rechnungsbetrages f\u00e4llig. Bei Zahlungsverzug einer Rechnung werden unsere gesamten Forderungen sofort insgesamt f\u00e4llig. Nichtbeachtung der in der Mahnung gesetzten Zahlungsfrist f\u00fchrt auch bei Kleinstbetr\u00e4gen zu juristischer Einforderung.&nbsp;<br><br><strong>8. Jugendschutz<\/strong>&nbsp;<br>Diese Website d\u00fcrfen Sie nur verwenden, wenn Sie das gesetzliche an Ihrem Wohnort und in Ihrem Staat geltende Mindestalter zum Erwerb von Alkohol erreicht haben von den aus Sie diesen Webshop besuchen und bestellen. Bitte verlassen Sie jetzt die Website, wenn Sie das Mindestalter nicht erreicht haben oder wenn Sie die Nutzungsbedingung nicht akzeptieren. Zu unserer Versicherung&nbsp;muss jeder Besteller im Bestellvorgang ausdr\u00fccklich mit der Eingabe des&nbsp;Geburtsdatums juristisch verbindlich best\u00e4tigen,&nbsp;dass&nbsp;er entsprechend der Gesetze seines Landes vollj\u00e4hrig ist.&nbsp;<br>In Deutschland m\u00fcssen Sie 18 Jahre alt sein. Trifft dies auf Sie nicht zu, versto\u00dfen Sie gegen Gesetze und Vorschriften. Zu unserer Versicherung mu\u00df deshalb jeder Besteller im Bestellvorgang ausdr\u00fccklich und juristisch verbindlich best\u00e4tigen, da\u00df er entsprechend der Gesetze seines Landes das gesetzliche Mindestalter f\u00fcr den Erwerb von Alkohol hat.<\/p>\n\n\n\n<p><strong>9. Eigentumsvorbehalt<\/strong>\u00a0<br>Die Ware bleibt bis zur vollst\u00e4ndigen Bezahlung unser Eigentum. Unsere Lieferungen erfolgen generell unter erweitertem Eigentumsvorbehalt\u00a0<br><\/p>\n\n\n\n<p><strong>10.\u00a0Widerrufsrecht<\/strong><br>Sie haben das Recht, binnen vierzehn Tagen ohne Angabe von Gr\u00fcnden diesen Vertrag zu widerrufen. Die Widerrufsfrist betr\u00e4gt vierzehn Tage ab dem Tag an dem Sie oder ein von Ihnen benannter Dritter, der nicht der Bef\u00f6rderer ist, die Waren in Besitz genommen haben bzw. hat.<br>Um Ihr Widerrufsrecht auszu\u00fcben, m\u00fcssen Sie uns (Weingut Eva Fricke GmbH &amp; Co. KG, Elisabethenstrasse 6, 65343 Eltville, Deutschland, info@evafricke.com , Telefon: 06123\/703658) mittels einer eindeutigen Erkl\u00e4rung (z. B. ein mit der Post versandter Brief, Telefax oder E-Mail) \u00fcber Ihren Entschluss, diesen Vertrag zu widerrufen, informieren.\u00a0<br>Zur Wahrung der Widerrufsfrist reicht es aus, dass Sie die Mitteilung \u00fcber die Aus\u00fcbung des Widerrufsrechts vor Ablauf der Widerrufsfrist absenden.<br><br><strong>11. Widerrufsfolgen<\/strong>\u00a0<br>Wenn Sie diesen Vertrag widerrufen, haben wir Ihnen alle Zahlungen, die wir von Ihnen erhalten haben, einschlie\u00dflich der Lieferkosten (mit Ausnahme der zus\u00e4tzlichen Kosten, die sich daraus ergeben, dass Sie eine andere Art der Lieferung als die von uns angebotene, g\u00fcnstigste Standardlieferung gew\u00e4hlt haben), unverz\u00fcglich und sp\u00e4testens binnen vierzehn Tagen ab dem Tag zur\u00fcckzuzahlen, an dem die Mitteilung \u00fcber Ihren Widerruf dieses Vertrags bei uns eingegangen ist. F\u00fcr diese R\u00fcckzahlung verwenden wir dasselbe Zahlungsmittel, das Sie bei der urspr\u00fcnglichen Transaktion eingesetzt haben, es sei denn, mit Ihnen wurde ausdr\u00fccklich etwas anderes vereinbart; in keinem Fall werden Ihnen wegen dieser R\u00fcckzahlung Entgelte berechnet. Wir k\u00f6nnen die R\u00fcckzahlung verweigern, bis wir die Waren wieder zur\u00fcckerhalten haben oder bis Sie den Nachweis erbracht haben, dass Sie die Waren zur\u00fcckgesandt haben, je nachdem, welches der fr\u00fchere Zeitpunkt ist.<br>Sie haben die Waren unverz\u00fcglich und in jedem Fall sp\u00e4testens binnen vierzehn Tagen ab dem Tag, an dem Sie uns \u00fcber den Widerruf dieses Vertrags unterrichten, an uns zur\u00fcckzusenden oder zu \u00fcbergeben. Die Frist ist gewahrt, wenn Sie die Waren vor Ablauf der Frist von vierzehn Tagen absenden. Sie tragen die unmittelbaren Kosten der R\u00fccksendung der Waren. Sie m\u00fcssen f\u00fcr einen etwaigen Wertverlust der Waren nur aufkommen, wenn dieser Wertverlust auf einen zur Pr\u00fcfung der Beschaffenheit, Eigenschaften und Funktionsweise der Waren nicht notwendigen Umgang mit ihnen\u00a0zur\u00fcckzuf\u00fchren ist.<br><br><strong>12. Streitbeilegung<\/strong><br>Die Europ\u00e4ische Kommission stellt eine Plattform zur Online-Streitbeilegung (OS) bereit:<br><a rel=\"noreferrer noopener\" href=\"https:\/\/webgate.ec.europa.eu\/odr\/main\/index.cfm?event=main.home.chooseLanguage\" target=\"_blank\">http:\/\/ec.europa.eu\/consumers\/odr<\/a>\u00a0<\/p>\n\n\n\n<p>Wir sind nicht bereit oder verpflichtet, an Streitbeilegungsverfahren vor einer Verbraucherschlichtungsstelle teilzunehmen.<\/p>\n\n\n\n<p><br>WEINGUT EVA FRICKE GMBH &amp; CO. KG I Elisabethenstrasse 6 I 65343 Eltville\u00a0<\/p>\n","protected":false},"excerpt":{"rendered":"<p>Weingut Eva Fricke GmbH &amp; Co. KG 1. GeltungsbereichF\u00fcr alle Bestellungen \u00fcber unseren Online-Shop gelten die nachfolgenden AGB. Mit dem Erscheinen dieses Angebotes verlieren alle vorausgegangenen ihre G\u00fcltigkeit. Das vorliegende Angebot ist freibleibend und unverbindlich.&nbsp; 2. Vertragspartner und VertragsabschlussDer Kaufvertrag kommt zustande mit Weingut Eva Fricke GmbH &amp; Co. KG&nbsp; 3. Preise und LieferbedingungenS\u00e4mtliche Preise &hellip; <a href=\"https:\/\/www.evafricke.com\/en\/agb\/\" class=\"more-link\">Continue reading <span class=\"screen-reader-text\">Allgemeine Gesch\u00e4ftsbedingungen &#038; Widerrufsbelehrung<\/span> <span class=\"meta-nav\">&rarr;<\/span><\/a><\/p>\n","protected":false},"author":1,"featured_media":0,"parent":0,"menu_order":0,"comment_status":"closed","ping_status":"closed","template":"","meta":{"jetpack_post_was_ever_published":false,"footnotes":""},"class_list":["post-16649","page","type-page","status-publish","hentry"],"translation":{"provider":"WPGlobus","version":"2.12.2","language":"en","enabled_languages":["de","en"],"languages":{"de":{"title":true,"content":true,"excerpt":false},"en":{"title":false,"content":false,"excerpt":false}}},"yoast_head":"<!-- This site is optimized with the Yoast SEO plugin v23.0 - https:\/\/yoast.com\/wordpress\/plugins\/seo\/ -->\n<title>Allgemeine Gesch\u00e4ftsbedingungen &amp; Widerrufsbelehrung - Weingut Eva Fricke<\/title>\n<meta name=\"robots\" content=\"index, follow, max-snippet:-1, max-image-preview:large, max-video-preview:-1\" \/>\n<link rel=\"canonical\" href=\"https:\/\/www.evafricke.com\/agb\/\" \/>\n<meta property=\"og:locale\" content=\"en_US\" \/>\n<meta property=\"og:type\" content=\"article\" \/>\n<meta property=\"og:title\" content=\"Allgemeine Gesch\u00e4ftsbedingungen &amp; Widerrufsbelehrung - Weingut Eva Fricke\" \/>\n<meta property=\"og:url\" content=\"https:\/\/www.evafricke.com\/agb\/\" \/>\n<meta property=\"og:site_name\" content=\"Weingut Eva Fricke\" \/>\n<meta property=\"article:modified_time\" content=\"2020-12-16T17:30:14+00:00\" \/>\n<meta name=\"twitter:card\" content=\"summary_large_image\" \/>\n<meta name=\"twitter:label1\" content=\"Est. reading time\" \/>\n\t<meta name=\"twitter:data1\" content=\"4 minutes\" \/>\n<script type=\"application\/ld+json\" class=\"yoast-schema-graph\">{\"@context\":\"https:\/\/schema.org\",\"@graph\":[{\"@type\":\"WebPage\",\"@id\":\"https:\/\/www.evafricke.com\/agb\/\",\"url\":\"https:\/\/www.evafricke.com\/agb\/\",\"name\":\"Allgemeine Gesch\u00e4ftsbedingungen & Widerrufsbelehrung - Weingut Eva Fricke\",\"isPartOf\":{\"@id\":\"https:\/\/www.evafricke.com\/#website\"},\"datePublished\":\"2020-04-04T15:41:54+00:00\",\"dateModified\":\"2020-12-16T17:30:14+00:00\",\"breadcrumb\":{\"@id\":\"https:\/\/www.evafricke.com\/agb\/#breadcrumb\"},\"inLanguage\":\"en-US\",\"potentialAction\":[{\"@type\":\"ReadAction\",\"target\":[\"https:\/\/www.evafricke.com\/agb\/\"]}]},{\"@type\":\"BreadcrumbList\",\"@id\":\"https:\/\/www.evafricke.com\/agb\/#breadcrumb\",\"itemListElement\":[{\"@type\":\"ListItem\",\"position\":1,\"name\":\"Startseite\",\"item\":\"https:\/\/www.evafricke.com\/\"},{\"@type\":\"ListItem\",\"position\":2,\"name\":\"Allgemeine Gesch\u00e4ftsbedingungen &#038; Widerrufsbelehrung\"}]},{\"@type\":\"WebSite\",\"@id\":\"https:\/\/www.evafricke.com\/#website\",\"url\":\"https:\/\/www.evafricke.com\/\",\"name\":\"Weingut Eva Fricke\",\"description\":\"Eltville\/Rheingau\",\"publisher\":{\"@id\":\"https:\/\/www.evafricke.com\/#organization\"},\"potentialAction\":[{\"@type\":\"SearchAction\",\"target\":{\"@type\":\"EntryPoint\",\"urlTemplate\":\"https:\/\/www.evafricke.com\/?s={search_term_string}\"},\"query-input\":\"required name=search_term_string\"}],\"inLanguage\":\"en-US\"},{\"@type\":\"Organization\",\"@id\":\"https:\/\/www.evafricke.com\/#organization\",\"name\":\"Weingut Eva Fricke\",\"url\":\"https:\/\/www.evafricke.com\/\",\"logo\":{\"@type\":\"ImageObject\",\"inLanguage\":\"en-US\",\"@id\":\"https:\/\/www.evafricke.com\/#\/schema\/logo\/image\/\",\"url\":\"https:\/\/www.evafricke.com\/wp-content\/uploads\/2018\/01\/cropped-logo_eva_fricke_schwarz3-1.jpg\",\"contentUrl\":\"https:\/\/www.evafricke.com\/wp-content\/uploads\/2018\/01\/cropped-logo_eva_fricke_schwarz3-1.jpg\",\"width\":512,\"height\":512,\"caption\":\"Weingut Eva Fricke\"},\"image\":{\"@id\":\"https:\/\/www.evafricke.com\/#\/schema\/logo\/image\/\"},\"sameAs\":[\"https:\/\/www.instagram.com\/evafricke\/\"]}]}<\/script>\n<!-- \/ Yoast SEO plugin. -->","yoast_head_json":{"title":"Allgemeine Gesch\u00e4ftsbedingungen & Widerrufsbelehrung - Weingut Eva Fricke","robots":{"index":"index","follow":"follow","max-snippet":"max-snippet:-1","max-image-preview":"max-image-preview:large","max-video-preview":"max-video-preview:-1"},"canonical":"https:\/\/www.evafricke.com\/agb\/","og_locale":"en_US","og_type":"article","og_title":"Allgemeine Gesch\u00e4ftsbedingungen & Widerrufsbelehrung - Weingut Eva Fricke","og_url":"https:\/\/www.evafricke.com\/agb\/","og_site_name":"Weingut Eva Fricke","article_modified_time":"2020-12-16T17:30:14+00:00","twitter_card":"summary_large_image","twitter_misc":{"Est. reading time":"4 minutes"},"schema":{"@context":"https:\/\/schema.org","@graph":[{"@type":"WebPage","@id":"https:\/\/www.evafricke.com\/agb\/","url":"https:\/\/www.evafricke.com\/agb\/","name":"Allgemeine Gesch\u00e4ftsbedingungen & Widerrufsbelehrung - Weingut Eva Fricke","isPartOf":{"@id":"https:\/\/www.evafricke.com\/#website"},"datePublished":"2020-04-04T15:41:54+00:00","dateModified":"2020-12-16T17:30:14+00:00","breadcrumb":{"@id":"https:\/\/www.evafricke.com\/agb\/#breadcrumb"},"inLanguage":"en-US","potentialAction":[{"@type":"ReadAction","target":["https:\/\/www.evafricke.com\/agb\/"]}]},{"@type":"BreadcrumbList","@id":"https:\/\/www.evafricke.com\/agb\/#breadcrumb","itemListElement":[{"@type":"ListItem","position":1,"name":"Startseite","item":"https:\/\/www.evafricke.com\/"},{"@type":"ListItem","position":2,"name":"Allgemeine Gesch\u00e4ftsbedingungen &#038; Widerrufsbelehrung"}]},{"@type":"WebSite","@id":"https:\/\/www.evafricke.com\/#website","url":"https:\/\/www.evafricke.com\/","name":"Weingut Eva Fricke","description":"Eltville\/Rheingau","publisher":{"@id":"https:\/\/www.evafricke.com\/#organization"},"potentialAction":[{"@type":"SearchAction","target":{"@type":"EntryPoint","urlTemplate":"https:\/\/www.evafricke.com\/?s={search_term_string}"},"query-input":"required name=search_term_string"}],"inLanguage":"en-US"},{"@type":"Organization","@id":"https:\/\/www.evafricke.com\/#organization","name":"Weingut Eva Fricke","url":"https:\/\/www.evafricke.com\/","logo":{"@type":"ImageObject","inLanguage":"en-US","@id":"https:\/\/www.evafricke.com\/#\/schema\/logo\/image\/","url":"https:\/\/www.evafricke.com\/wp-content\/uploads\/2018\/01\/cropped-logo_eva_fricke_schwarz3-1.jpg","contentUrl":"https:\/\/www.evafricke.com\/wp-content\/uploads\/2018\/01\/cropped-logo_eva_fricke_schwarz3-1.jpg","width":512,"height":512,"caption":"Weingut Eva Fricke"},"image":{"@id":"https:\/\/www.evafricke.com\/#\/schema\/logo\/image\/"},"sameAs":["https:\/\/www.instagram.com\/evafricke\/"]}]}},"jetpack_sharing_enabled":true,"jetpack_shortlink":"https:\/\/wp.me\/P9Hxwm-4kx","_links":{"self":[{"href":"https:\/\/www.evafricke.com\/en\/wp-json\/wp\/v2\/pages\/16649"}],"collection":[{"href":"https:\/\/www.evafricke.com\/en\/wp-json\/wp\/v2\/pages"}],"about":[{"href":"https:\/\/www.evafricke.com\/en\/wp-json\/wp\/v2\/types\/page"}],"author":[{"embeddable":true,"href":"https:\/\/www.evafricke.com\/en\/wp-json\/wp\/v2\/users\/1"}],"replies":[{"embeddable":true,"href":"https:\/\/www.evafricke.com\/en\/wp-json\/wp\/v2\/comments?post=16649"}],"version-history":[{"count":1,"href":"https:\/\/www.evafricke.com\/en\/wp-json\/wp\/v2\/pages\/16649\/revisions"}],"predecessor-version":[{"id":17499,"href":"https:\/\/www.evafricke.com\/en\/wp-json\/wp\/v2\/pages\/16649\/revisions\/17499"}],"wp:attachment":[{"href":"https:\/\/www.evafricke.com\/en\/wp-json\/wp\/v2\/media?parent=16649"}],"curies":[{"name":"wp","href":"https:\/\/api.w.org\/{rel}","templated":true}]}}