{"id":16647,"date":"2020-04-04T15:41:54","date_gmt":"2020-04-04T15:41:54","guid":{"rendered":"https:\/\/www.evafricke.com\/datenschutzerklaerung\/"},"modified":"2020-12-16T19:53:08","modified_gmt":"2020-12-16T17:53:08","slug":"datenschutzerklaerung","status":"publish","type":"page","link":"https:\/\/www.evafricke.com\/en\/datenschutzerklaerung\/","title":{"rendered":"Datenschutzerkl\u00e4rung"},"content":{"rendered":"\n<p><strong>Allgemeine Hinweise<\/strong><br>Verantwortlicher im Sinne des Datenschutzes ist das Weingut Eva Fricke GmbH &amp; Co. KG, Elisabethenstrasse 6, 65343 Eltville, Deutschland. E-Mail:&nbsp;<a href=\"mailto:info@evafricke.com\">info@evafricke.com<\/a>&nbsp;&nbsp;Wir als Betreiber dieser Webseite nehmen den Schutz Ihrer pers\u00f6nlichen Daten sehr ernst. Wir behandeln Ihre personenbezogenen Daten vertraulich und entsprechend der gesetzlichen Datenschutzvorschriften sowie dieser Datenschutzerkl\u00e4rung.<br>Personenbezogene Daten sind alle Daten, mit denen Sie pers\u00f6nlich identifiziert werden k\u00f6nnen.<br>Wir sammeln \u00fcber diese Webseite keine personenbezogenen Daten f\u00fcr Werbezwecke.<br>Wir weisen darauf hin, dass die Daten\u00fcbertragung im Internet (z.B. bei der Kommunikation per E-Mail) Sicherheitsl\u00fccken aufweisen kann. Ein l\u00fcckenloser Schutz der Daten vor dem Zugriff durch Dritte ist nicht m\u00f6glich.<\/p>\n\n\n\n<p><strong>Server-Log-Dateien<\/strong><br>Der Provider der Seiten erhebt und speichert automatisch Informationen in so genannten Server-Log-Dateien, die Ihr Browser automatisch an uns \u00fcbermittelt. Dies sind:<\/p>\n\n\n\n<p>Browsertyp und Browserversion<br>verwendetes Betriebssystem<br>Referrer URL<br>Hostname des zugreifenden Rechners<br>Datum Uhrzeit der Serveranfrage<br>IP-Adresse<\/p>\n\n\n\n<p>Eine Zusammenf\u00fchrung dieser Daten mit anderen Datenquellen wird nicht vorgenommen.<\/p>\n\n\n\n<p>Rechtsgrundlage f\u00fcr die Datenverarbeitung ist Art. 6 Abs. 1 lit. f DSGVO, der die Verarbeitung von Daten zur Wahrung der berechtigten Interessen des Verantwortlichen gestattet, sofern dies der DSGVO unterf\u00e4llt. Das berechtigte Interesse dient lediglich dem Zweck von statistischen Auswertungen, der Funktionst\u00fcchtigkeit und Verbesserung der Webseite sowie eventueller Rechtsverfolgung bei rechtswidriger Nutzung. Empf\u00e4nger sind der Provider und ggf. Personen bzw. Institutionen der Rechtsverfolgung. Die Daten werden nach zwei Wochen gel\u00f6scht. Sollten konkrete Anhaltspunkte auf eine rechtswidrige Nutzung hinweisen, k\u00f6nnen die Server-Logfiles nachtr\u00e4glich \u00fcberpr\u00fcft und f\u00fcr eine Rechtsverfolgung genutzt und aufgehoben werden.<\/p>\n\n\n\n<p>Betroffene haben grunds\u00e4tzlich das Recht auf Auskunft seitens des Verantwortlichen \u00fcber die betreffenden personenbezogenen Daten, Berichtigung, L\u00f6schung, Einschr\u00e4nkung der Verarbeitung, Widerspruch aus ihrer besonderen Situation f\u00fcr die Zukunft sowie Daten\u00fcbertragbarkeit. Es besteht ein Beschwerderecht bei einer Aufsichtsbeh\u00f6rde.&nbsp;<\/p>\n\n\n\n<p><strong>Angaben gem\u00e4\u00df \u00a7 5 TMG:<\/strong><\/p>\n\n\n\n<p>Weingut Eva Fricke GmbH &amp; Co. KG<br>Elisabethenstrasse 6<br>65343 Eltville<br>GERMANY<\/p>\n\n\n\n<p><strong>Kontakt:<\/strong><br>Telefon +49 6123 703658<br>Telefax +49 6123 7932420<br>E-Mail: info@evafricke.com<\/p>\n\n\n\n<p><strong>Umsatzsteuer:<\/strong><br>Umsatzsteuer-Identifikationsnummer gem\u00e4\u00df \u00a727 a Umsatzsteuergesetz:<br>DE301616594<\/p>\n\n\n\n<p><br><strong>Amtsgericht Wiesbaden, Postfach 3449, 65024 Wiesbaden:<\/strong><\/p>\n\n\n\n<p>Eva Fricke Verwaltungsgesellschaft mbH, Elisabethenstrasse 6, 65343 Eltville<\/p>\n\n\n\n<p>HRB32090<br><br><strong>Streitschlichtung<\/strong><br>Die Europ\u00e4ische Kommission stellt eine Plattform zur Online-Streitbeilegung (OS) bereit:<br><a href=\"https:\/\/webgate.ec.europa.eu\/odr\/main\/index.cfm?event=main.home.chooseLanguage\" target=\"_blank\" rel=\"noreferrer noopener\">http:\/\/ec.europa.eu\/consumers\/odr<\/a>&nbsp;<\/p>\n\n\n\n<p>Wir sind nicht bereit oder verpflichtet, an Streitbeilegungsverfahren vor einer Verbraucherschlichtungsstelle teilzunehmen.<\/p>\n\n\n\n<p><strong>Haftung f\u00fcr Inhalte<\/strong><\/p>\n\n\n\n<p>Als Diensteanbieter sind wir gem\u00e4\u00df \u00a7 7 Abs.1 TMG f\u00fcr eigene Inhalte auf diesen Seiten nach den allgemeinen Gesetzen verantwortlich. Nach \u00a7\u00a7 8 bis 10 TMG sind wir als Diensteanbieter jedoch nicht verpflichtet, \u00fcbermittelte oder gespeicherte fremde Informationen zu \u00fcberwachen oder nach Umst\u00e4nden zu forschen, die auf eine rechtswidrige T\u00e4tigkeit hinweisen.<\/p>\n\n\n\n<p>Verpflichtungen zur Entfernung oder Sperrung der Nutzung von Informationen nach den allgemeinen Gesetzen bleiben hiervon unber\u00fchrt. Eine diesbez\u00fcgliche Haftung ist jedoch erst ab dem Zeitpunkt der Kenntnis einer konkreten Rechtsverletzung m\u00f6glich. Bei Bekanntwerden von entsprechenden Rechtsverletzungen werden wir diese Inhalte umgehend entfernen.<\/p>\n\n\n\n<p><strong>Haftung f\u00fcr Links<\/strong><\/p>\n\n\n\n<p>Unser Angebot enth\u00e4lt Links zu externen Websites Dritter, auf deren Inhalte wir keinen Einfluss haben. Deshalb k\u00f6nnen wir f\u00fcr diese fremden Inhalte auch keine Gew\u00e4hr \u00fcbernehmen. F\u00fcr die Inhalte der verlinkten Seiten ist stets der jeweilige Anbieter oder Betreiber der Seiten verantwortlich. Die verlinkten Seiten wurden zum Zeitpunkt der Verlinkung auf m\u00f6gliche Rechtsverst\u00f6\u00dfe \u00fcberpr\u00fcft. Rechtswidrige Inhalte waren zum Zeitpunkt der Verlinkung nicht erkennbar.<\/p>\n\n\n\n<p>Eine permanente inhaltliche Kontrolle der verlinkten Seiten ist jedoch ohne konkrete Anhaltspunkte einer Rechtsverletzung nicht zumutbar. Bei Bekanntwerden von Rechtsverletzungen werden wir derartige Links umgehend entfernen.<\/p>\n\n\n\n<p><strong>Urheberrecht<\/strong><\/p>\n\n\n\n<p>Die durch die Seitenbetreiber erstellten Inhalte und Werke auf diesen Seiten unterliegen dem deutschen Urheberrecht. Die Vervielf\u00e4ltigung, Bearbeitung, Verbreitung und jede Art der Verwertung au\u00dferhalb der Grenzen des Urheberrechtes bed\u00fcrfen der schriftlichen Zustimmung des jeweiligen Autors bzw. Erstellers. Downloads und Kopien dieser Seite sind nur f\u00fcr den privaten, nicht kommerziellen Gebrauch gestattet.<\/p>\n\n\n\n<p>Soweit die Inhalte auf dieser Seite nicht vom Betreiber erstellt wurden, werden die Urheberrechte Dritter beachtet. Insbesondere werden Inhalte Dritter als solche gekennzeichnet. Sollten Sie trotzdem auf eine Urheberrechtsverletzung aufmerksam werden, bitten wir um einen entsprechenden Hinweis. Bei Bekanntwerden von Rechtsverletzungen werden wir derartige Inhalte umgehend entfernen.<\/p>\n","protected":false},"excerpt":{"rendered":"<p>Allgemeine HinweiseVerantwortlicher im Sinne des Datenschutzes ist das Weingut Eva Fricke GmbH &amp; Co. KG, Elisabethenstrasse 6, 65343 Eltville, Deutschland. E-Mail:&nbsp;info@evafricke.com&nbsp;&nbsp;Wir als Betreiber dieser Webseite nehmen den Schutz Ihrer pers\u00f6nlichen Daten sehr ernst. Wir behandeln Ihre personenbezogenen Daten vertraulich und entsprechend der gesetzlichen Datenschutzvorschriften sowie dieser Datenschutzerkl\u00e4rung.Personenbezogene Daten sind alle Daten, mit denen Sie pers\u00f6nlich &hellip; <a href=\"https:\/\/www.evafricke.com\/en\/datenschutzerklaerung\/\" class=\"more-link\">Continue reading <span class=\"screen-reader-text\">Datenschutzerkl\u00e4rung<\/span> <span class=\"meta-nav\">&rarr;<\/span><\/a><\/p>\n","protected":false},"author":1,"featured_media":0,"parent":0,"menu_order":0,"comment_status":"closed","ping_status":"closed","template":"","meta":{"jetpack_post_was_ever_published":false,"footnotes":""},"class_list":["post-16647","page","type-page","status-publish","hentry"],"translation":{"provider":"WPGlobus","version":"2.12.2","language":"en","enabled_languages":["de","en"],"languages":{"de":{"title":true,"content":true,"excerpt":false},"en":{"title":false,"content":false,"excerpt":false}}},"yoast_head":"<!-- This site is optimized with the Yoast SEO plugin v23.0 - https:\/\/yoast.com\/wordpress\/plugins\/seo\/ -->\n<title>Datenschutzerkl\u00e4rung - Weingut Eva Fricke<\/title>\n<meta name=\"robots\" content=\"index, follow, max-snippet:-1, max-image-preview:large, max-video-preview:-1\" \/>\n<link rel=\"canonical\" href=\"https:\/\/www.evafricke.com\/datenschutzerklaerung\/\" \/>\n<meta property=\"og:locale\" content=\"en_US\" \/>\n<meta property=\"og:type\" content=\"article\" \/>\n<meta property=\"og:title\" content=\"Datenschutzerkl\u00e4rung - Weingut Eva Fricke\" \/>\n<meta property=\"og:url\" content=\"https:\/\/www.evafricke.com\/datenschutzerklaerung\/\" \/>\n<meta property=\"og:site_name\" content=\"Weingut Eva Fricke\" \/>\n<meta property=\"article:modified_time\" content=\"2020-12-16T17:53:08+00:00\" \/>\n<meta name=\"twitter:card\" content=\"summary_large_image\" \/>\n<meta name=\"twitter:label1\" content=\"Est. reading time\" \/>\n\t<meta name=\"twitter:data1\" content=\"3 minutes\" \/>\n<script type=\"application\/ld+json\" class=\"yoast-schema-graph\">{\"@context\":\"https:\/\/schema.org\",\"@graph\":[{\"@type\":\"WebPage\",\"@id\":\"https:\/\/www.evafricke.com\/datenschutzerklaerung\/\",\"url\":\"https:\/\/www.evafricke.com\/datenschutzerklaerung\/\",\"name\":\"Datenschutzerkl\u00e4rung - Weingut Eva Fricke\",\"isPartOf\":{\"@id\":\"https:\/\/www.evafricke.com\/#website\"},\"datePublished\":\"2020-04-04T15:41:54+00:00\",\"dateModified\":\"2020-12-16T17:53:08+00:00\",\"breadcrumb\":{\"@id\":\"https:\/\/www.evafricke.com\/datenschutzerklaerung\/#breadcrumb\"},\"inLanguage\":\"en-US\",\"potentialAction\":[{\"@type\":\"ReadAction\",\"target\":[\"https:\/\/www.evafricke.com\/datenschutzerklaerung\/\"]}]},{\"@type\":\"BreadcrumbList\",\"@id\":\"https:\/\/www.evafricke.com\/datenschutzerklaerung\/#breadcrumb\",\"itemListElement\":[{\"@type\":\"ListItem\",\"position\":1,\"name\":\"Startseite\",\"item\":\"https:\/\/www.evafricke.com\/\"},{\"@type\":\"ListItem\",\"position\":2,\"name\":\"Datenschutzerkl\u00e4rung\"}]},{\"@type\":\"WebSite\",\"@id\":\"https:\/\/www.evafricke.com\/#website\",\"url\":\"https:\/\/www.evafricke.com\/\",\"name\":\"Weingut Eva Fricke\",\"description\":\"Eltville\/Rheingau\",\"publisher\":{\"@id\":\"https:\/\/www.evafricke.com\/#organization\"},\"potentialAction\":[{\"@type\":\"SearchAction\",\"target\":{\"@type\":\"EntryPoint\",\"urlTemplate\":\"https:\/\/www.evafricke.com\/?s={search_term_string}\"},\"query-input\":\"required name=search_term_string\"}],\"inLanguage\":\"en-US\"},{\"@type\":\"Organization\",\"@id\":\"https:\/\/www.evafricke.com\/#organization\",\"name\":\"Weingut Eva Fricke\",\"url\":\"https:\/\/www.evafricke.com\/\",\"logo\":{\"@type\":\"ImageObject\",\"inLanguage\":\"en-US\",\"@id\":\"https:\/\/www.evafricke.com\/#\/schema\/logo\/image\/\",\"url\":\"https:\/\/www.evafricke.com\/wp-content\/uploads\/2018\/01\/cropped-logo_eva_fricke_schwarz3-1.jpg\",\"contentUrl\":\"https:\/\/www.evafricke.com\/wp-content\/uploads\/2018\/01\/cropped-logo_eva_fricke_schwarz3-1.jpg\",\"width\":512,\"height\":512,\"caption\":\"Weingut Eva Fricke\"},\"image\":{\"@id\":\"https:\/\/www.evafricke.com\/#\/schema\/logo\/image\/\"},\"sameAs\":[\"https:\/\/www.instagram.com\/evafricke\/\"]}]}<\/script>\n<!-- \/ Yoast SEO plugin. -->","yoast_head_json":{"title":"Datenschutzerkl\u00e4rung - Weingut Eva Fricke","robots":{"index":"index","follow":"follow","max-snippet":"max-snippet:-1","max-image-preview":"max-image-preview:large","max-video-preview":"max-video-preview:-1"},"canonical":"https:\/\/www.evafricke.com\/datenschutzerklaerung\/","og_locale":"en_US","og_type":"article","og_title":"Datenschutzerkl\u00e4rung - Weingut Eva Fricke","og_url":"https:\/\/www.evafricke.com\/datenschutzerklaerung\/","og_site_name":"Weingut Eva Fricke","article_modified_time":"2020-12-16T17:53:08+00:00","twitter_card":"summary_large_image","twitter_misc":{"Est. reading time":"3 minutes"},"schema":{"@context":"https:\/\/schema.org","@graph":[{"@type":"WebPage","@id":"https:\/\/www.evafricke.com\/datenschutzerklaerung\/","url":"https:\/\/www.evafricke.com\/datenschutzerklaerung\/","name":"Datenschutzerkl\u00e4rung - Weingut Eva Fricke","isPartOf":{"@id":"https:\/\/www.evafricke.com\/#website"},"datePublished":"2020-04-04T15:41:54+00:00","dateModified":"2020-12-16T17:53:08+00:00","breadcrumb":{"@id":"https:\/\/www.evafricke.com\/datenschutzerklaerung\/#breadcrumb"},"inLanguage":"en-US","potentialAction":[{"@type":"ReadAction","target":["https:\/\/www.evafricke.com\/datenschutzerklaerung\/"]}]},{"@type":"BreadcrumbList","@id":"https:\/\/www.evafricke.com\/datenschutzerklaerung\/#breadcrumb","itemListElement":[{"@type":"ListItem","position":1,"name":"Startseite","item":"https:\/\/www.evafricke.com\/"},{"@type":"ListItem","position":2,"name":"Datenschutzerkl\u00e4rung"}]},{"@type":"WebSite","@id":"https:\/\/www.evafricke.com\/#website","url":"https:\/\/www.evafricke.com\/","name":"Weingut Eva Fricke","description":"Eltville\/Rheingau","publisher":{"@id":"https:\/\/www.evafricke.com\/#organization"},"potentialAction":[{"@type":"SearchAction","target":{"@type":"EntryPoint","urlTemplate":"https:\/\/www.evafricke.com\/?s={search_term_string}"},"query-input":"required name=search_term_string"}],"inLanguage":"en-US"},{"@type":"Organization","@id":"https:\/\/www.evafricke.com\/#organization","name":"Weingut Eva Fricke","url":"https:\/\/www.evafricke.com\/","logo":{"@type":"ImageObject","inLanguage":"en-US","@id":"https:\/\/www.evafricke.com\/#\/schema\/logo\/image\/","url":"https:\/\/www.evafricke.com\/wp-content\/uploads\/2018\/01\/cropped-logo_eva_fricke_schwarz3-1.jpg","contentUrl":"https:\/\/www.evafricke.com\/wp-content\/uploads\/2018\/01\/cropped-logo_eva_fricke_schwarz3-1.jpg","width":512,"height":512,"caption":"Weingut Eva Fricke"},"image":{"@id":"https:\/\/www.evafricke.com\/#\/schema\/logo\/image\/"},"sameAs":["https:\/\/www.instagram.com\/evafricke\/"]}]}},"jetpack_sharing_enabled":true,"jetpack_shortlink":"https:\/\/wp.me\/P9Hxwm-4kv","_links":{"self":[{"href":"https:\/\/www.evafricke.com\/en\/wp-json\/wp\/v2\/pages\/16647"}],"collection":[{"href":"https:\/\/www.evafricke.com\/en\/wp-json\/wp\/v2\/pages"}],"about":[{"href":"https:\/\/www.evafricke.com\/en\/wp-json\/wp\/v2\/types\/page"}],"author":[{"embeddable":true,"href":"https:\/\/www.evafricke.com\/en\/wp-json\/wp\/v2\/users\/1"}],"replies":[{"embeddable":true,"href":"https:\/\/www.evafricke.com\/en\/wp-json\/wp\/v2\/comments?post=16647"}],"version-history":[{"count":2,"href":"https:\/\/www.evafricke.com\/en\/wp-json\/wp\/v2\/pages\/16647\/revisions"}],"predecessor-version":[{"id":17502,"href":"https:\/\/www.evafricke.com\/en\/wp-json\/wp\/v2\/pages\/16647\/revisions\/17502"}],"wp:attachment":[{"href":"https:\/\/www.evafricke.com\/en\/wp-json\/wp\/v2\/media?parent=16647"}],"curies":[{"name":"wp","href":"https:\/\/api.w.org\/{rel}","templated":true}]}}