{"id":16492,"date":"2020-02-21T08:48:19","date_gmt":"2020-02-21T08:48:19","guid":{"rendered":"https:\/\/www.evafricke.com\/warenkorb\/"},"modified":"2021-02-16T17:49:28","modified_gmt":"2021-02-16T15:49:28","slug":"warenkorb","status":"publish","type":"page","link":"https:\/\/www.evafricke.com\/en\/warenkorb\/","title":{"rendered":"Warenkorb"},"content":{"rendered":"\n<p>Wir sind um schnellstm\u00f6gliche Auslieferung der Weine bem\u00fcht. Dennoch kann es aufgrund des hohen Bestellaufkommens und der \u00dcberlastung der Kurierdienste zu l\u00e4ngeren Lieferzeiten kommen.<\/p>\n\n\n\n<p>Bei Ausverkauf des Jahrgangs behalten wir uns vor den Folgejahrgang zu liefern. Bitte beachten Sie die Lieferdaten der einzelnen Produkte.<\/p>\n\n\n\n","protected":false},"excerpt":{"rendered":"<p>Wir sind um schnellstm\u00f6gliche Auslieferung der Weine bem\u00fcht. Dennoch kann es aufgrund des hohen Bestellaufkommens und der \u00dcberlastung der Kurierdienste zu l\u00e4ngeren Lieferzeiten kommen. Bei Ausverkauf des Jahrgangs behalten wir uns vor den Folgejahrgang zu liefern. Bitte beachten Sie die Lieferdaten der einzelnen Produkte.<\/p>\n","protected":false},"author":1,"featured_media":0,"parent":0,"menu_order":0,"comment_status":"closed","ping_status":"closed","template":"","meta":{"jetpack_post_was_ever_published":false,"footnotes":""},"class_list":["post-16492","page","type-page","status-publish","hentry"],"translation":{"provider":"WPGlobus","version":"2.12.2","language":"en","enabled_languages":["de","en"],"languages":{"de":{"title":true,"content":true,"excerpt":false},"en":{"title":false,"content":false,"excerpt":false}}},"yoast_head":"<!-- This site is optimized with the Yoast SEO plugin v23.0 - https:\/\/yoast.com\/wordpress\/plugins\/seo\/ -->\n<title>Warenkorb - Weingut Eva Fricke<\/title>\n<meta name=\"robots\" content=\"index, follow, max-snippet:-1, max-image-preview:large, max-video-preview:-1\" \/>\n<link rel=\"canonical\" href=\"https:\/\/www.evafricke.com\/warenkorb\/\" \/>\n<meta property=\"og:locale\" content=\"en_US\" \/>\n<meta property=\"og:type\" content=\"article\" \/>\n<meta property=\"og:title\" content=\"Warenkorb - Weingut Eva Fricke\" \/>\n<meta property=\"og:url\" content=\"https:\/\/www.evafricke.com\/warenkorb\/\" \/>\n<meta property=\"og:site_name\" content=\"Weingut Eva Fricke\" \/>\n<meta property=\"article:modified_time\" content=\"2021-02-16T15:49:28+00:00\" \/>\n<meta name=\"twitter:card\" content=\"summary_large_image\" \/>\n<script type=\"application\/ld+json\" class=\"yoast-schema-graph\">{\"@context\":\"https:\/\/schema.org\",\"@graph\":[{\"@type\":\"WebPage\",\"@id\":\"https:\/\/www.evafricke.com\/warenkorb\/\",\"url\":\"https:\/\/www.evafricke.com\/warenkorb\/\",\"name\":\"Warenkorb - Weingut Eva Fricke\",\"isPartOf\":{\"@id\":\"https:\/\/www.evafricke.com\/#website\"},\"datePublished\":\"2020-02-21T08:48:19+00:00\",\"dateModified\":\"2021-02-16T15:49:28+00:00\",\"breadcrumb\":{\"@id\":\"https:\/\/www.evafricke.com\/warenkorb\/#breadcrumb\"},\"inLanguage\":\"en-US\",\"potentialAction\":[{\"@type\":\"ReadAction\",\"target\":[\"https:\/\/www.evafricke.com\/warenkorb\/\"]}]},{\"@type\":\"BreadcrumbList\",\"@id\":\"https:\/\/www.evafricke.com\/warenkorb\/#breadcrumb\",\"itemListElement\":[{\"@type\":\"ListItem\",\"position\":1,\"name\":\"Startseite\",\"item\":\"https:\/\/www.evafricke.com\/\"},{\"@type\":\"ListItem\",\"position\":2,\"name\":\"Warenkorb\"}]},{\"@type\":\"WebSite\",\"@id\":\"https:\/\/www.evafricke.com\/#website\",\"url\":\"https:\/\/www.evafricke.com\/\",\"name\":\"Weingut Eva Fricke\",\"description\":\"Eltville\/Rheingau\",\"publisher\":{\"@id\":\"https:\/\/www.evafricke.com\/#organization\"},\"potentialAction\":[{\"@type\":\"SearchAction\",\"target\":{\"@type\":\"EntryPoint\",\"urlTemplate\":\"https:\/\/www.evafricke.com\/?s={search_term_string}\"},\"query-input\":\"required name=search_term_string\"}],\"inLanguage\":\"en-US\"},{\"@type\":\"Organization\",\"@id\":\"https:\/\/www.evafricke.com\/#organization\",\"name\":\"Weingut Eva Fricke\",\"url\":\"https:\/\/www.evafricke.com\/\",\"logo\":{\"@type\":\"ImageObject\",\"inLanguage\":\"en-US\",\"@id\":\"https:\/\/www.evafricke.com\/#\/schema\/logo\/image\/\",\"url\":\"https:\/\/www.evafricke.com\/wp-content\/uploads\/2018\/01\/cropped-logo_eva_fricke_schwarz3-1.jpg\",\"contentUrl\":\"https:\/\/www.evafricke.com\/wp-content\/uploads\/2018\/01\/cropped-logo_eva_fricke_schwarz3-1.jpg\",\"width\":512,\"height\":512,\"caption\":\"Weingut Eva Fricke\"},\"image\":{\"@id\":\"https:\/\/www.evafricke.com\/#\/schema\/logo\/image\/\"},\"sameAs\":[\"https:\/\/www.instagram.com\/evafricke\/\"]}]}<\/script>\n<!-- \/ Yoast SEO plugin. -->","yoast_head_json":{"title":"Warenkorb - Weingut Eva Fricke","robots":{"index":"index","follow":"follow","max-snippet":"max-snippet:-1","max-image-preview":"max-image-preview:large","max-video-preview":"max-video-preview:-1"},"canonical":"https:\/\/www.evafricke.com\/warenkorb\/","og_locale":"en_US","og_type":"article","og_title":"Warenkorb - Weingut Eva Fricke","og_url":"https:\/\/www.evafricke.com\/warenkorb\/","og_site_name":"Weingut Eva Fricke","article_modified_time":"2021-02-16T15:49:28+00:00","twitter_card":"summary_large_image","schema":{"@context":"https:\/\/schema.org","@graph":[{"@type":"WebPage","@id":"https:\/\/www.evafricke.com\/warenkorb\/","url":"https:\/\/www.evafricke.com\/warenkorb\/","name":"Warenkorb - Weingut Eva Fricke","isPartOf":{"@id":"https:\/\/www.evafricke.com\/#website"},"datePublished":"2020-02-21T08:48:19+00:00","dateModified":"2021-02-16T15:49:28+00:00","breadcrumb":{"@id":"https:\/\/www.evafricke.com\/warenkorb\/#breadcrumb"},"inLanguage":"en-US","potentialAction":[{"@type":"ReadAction","target":["https:\/\/www.evafricke.com\/warenkorb\/"]}]},{"@type":"BreadcrumbList","@id":"https:\/\/www.evafricke.com\/warenkorb\/#breadcrumb","itemListElement":[{"@type":"ListItem","position":1,"name":"Startseite","item":"https:\/\/www.evafricke.com\/"},{"@type":"ListItem","position":2,"name":"Warenkorb"}]},{"@type":"WebSite","@id":"https:\/\/www.evafricke.com\/#website","url":"https:\/\/www.evafricke.com\/","name":"Weingut Eva Fricke","description":"Eltville\/Rheingau","publisher":{"@id":"https:\/\/www.evafricke.com\/#organization"},"potentialAction":[{"@type":"SearchAction","target":{"@type":"EntryPoint","urlTemplate":"https:\/\/www.evafricke.com\/?s={search_term_string}"},"query-input":"required name=search_term_string"}],"inLanguage":"en-US"},{"@type":"Organization","@id":"https:\/\/www.evafricke.com\/#organization","name":"Weingut Eva Fricke","url":"https:\/\/www.evafricke.com\/","logo":{"@type":"ImageObject","inLanguage":"en-US","@id":"https:\/\/www.evafricke.com\/#\/schema\/logo\/image\/","url":"https:\/\/www.evafricke.com\/wp-content\/uploads\/2018\/01\/cropped-logo_eva_fricke_schwarz3-1.jpg","contentUrl":"https:\/\/www.evafricke.com\/wp-content\/uploads\/2018\/01\/cropped-logo_eva_fricke_schwarz3-1.jpg","width":512,"height":512,"caption":"Weingut Eva Fricke"},"image":{"@id":"https:\/\/www.evafricke.com\/#\/schema\/logo\/image\/"},"sameAs":["https:\/\/www.instagram.com\/evafricke\/"]}]}},"jetpack_sharing_enabled":true,"jetpack_shortlink":"https:\/\/wp.me\/P9Hxwm-4i0","_links":{"self":[{"href":"https:\/\/www.evafricke.com\/en\/wp-json\/wp\/v2\/pages\/16492"}],"collection":[{"href":"https:\/\/www.evafricke.com\/en\/wp-json\/wp\/v2\/pages"}],"about":[{"href":"https:\/\/www.evafricke.com\/en\/wp-json\/wp\/v2\/types\/page"}],"author":[{"embeddable":true,"href":"https:\/\/www.evafricke.com\/en\/wp-json\/wp\/v2\/users\/1"}],"replies":[{"embeddable":true,"href":"https:\/\/www.evafricke.com\/en\/wp-json\/wp\/v2\/comments?post=16492"}],"version-history":[{"count":2,"href":"https:\/\/www.evafricke.com\/en\/wp-json\/wp\/v2\/pages\/16492\/revisions"}],"predecessor-version":[{"id":17728,"href":"https:\/\/www.evafricke.com\/en\/wp-json\/wp\/v2\/pages\/16492\/revisions\/17728"}],"wp:attachment":[{"href":"https:\/\/www.evafricke.com\/en\/wp-json\/wp\/v2\/media?parent=16492"}],"curies":[{"name":"wp","href":"https:\/\/api.w.org\/{rel}","templated":true}]}}